{"id":17,"date":"2025-12-15T14:41:13","date_gmt":"2025-12-15T17:41:13","guid":{"rendered":"https:\/\/blogecoar.institutoserbrasil.com.br\/?page_id=17"},"modified":"2026-01-21T09:45:02","modified_gmt":"2026-01-21T12:45:02","slug":"blog","status":"publish","type":"page","link":"https:\/\/blogecoar.institutoserbrasil.com.br\/","title":{"rendered":"blog"},"content":{"rendered":"\t\t<div data-elementor-type=\"wp-page\" data-elementor-id=\"17\" class=\"elementor elementor-17\">\n\t\t\t\t<div class=\"elementor-element elementor-element-f095dfd e-flex e-con-boxed wpr-particle-no wpr-jarallax-no wpr-parallax-no wpr-sticky-section-no e-con e-parent\" data-id=\"f095dfd\" data-element_type=\"container\">\n\t\t\t\t\t<div class=\"e-con-inner\">\n\t\t\t\t<div class=\"elementor-element elementor-element-237f47a elementor-widget elementor-widget-heading\" data-id=\"237f47a\" data-element_type=\"widget\" data-widget_type=\"heading.default\">\n\t\t\t\t\t<h1 class=\"elementor-heading-title elementor-size-default\">Blog<\/h1>\t\t\t\t<\/div>\n\t\t\t\t<div class=\"elementor-element elementor-element-d915cac elementor-widget__width-initial wpr-search-form-style-inner wpr-search-form-position-right elementor-widget elementor-widget-wpr-search\" data-id=\"d915cac\" data-element_type=\"widget\" data-widget_type=\"wpr-search.default\">\n\t\t\t\t\t\n\t\t<form role=\"search\" method=\"get\" class=\"wpr-search-form\" action=\"https:\/\/blogecoar.institutoserbrasil.com.br\">\n\n\t\t\t<div class=\"wpr-search-form-input-wrap elementor-clearfix\">\n\t\t\t\t<input class=\"wpr-search-form-input\" placeholder=\"Fa\u00e7a uma busca...\" aria-label=\"Search\" type=\"search\" name=\"s\" title=\"Search\" value=\"\" wpr-query-type=\"all\" wpr-taxonomy-type=\"\" number-of-results=\"2\" ajax-search=\"\" show-description=\"yes\" number-of-words=\"30\" show-ajax-thumbnails=\"\" show-view-result-btn=\"\" show-product-price=\"no\" view-result-text=\"View Results\" no-results=\"No Results Found\" exclude-without-thumb=\"\" link-target=\"_self\" password-protected=\"no\" attachments=\"no\">\n\t\t\t\t\n\t\t<button class=\"wpr-search-form-submit\" aria-label=\"Search\" type=\"submit\">\n\t\t\t\t\t\t\t<i class=\"fas fa-search\"><\/i>\n\t\t\t\t\t<\/button>\n\n\t\t\t\t\t<\/div>\n\n\t\t\t\t\t<\/form>\n\t\t<div class=\"wpr-data-fetch\">\n\t\t\t<span class=\"wpr-close-search\"><\/span>\n\t\t\t<ul><\/ul>\n\t\t\t\t\t<\/div>\n\t\t\n\t\t\t\t\t\t<\/div>\n\t\t\t\t\t<\/div>\n\t\t\t\t<\/div>\n\t\t<div class=\"elementor-element elementor-element-846f67a e-flex e-con-boxed wpr-particle-no wpr-jarallax-no wpr-parallax-no wpr-sticky-section-no e-con e-parent\" data-id=\"846f67a\" data-element_type=\"container\">\n\t\t\t\t\t<div class=\"e-con-inner\">\n\t\t<div class=\"elementor-element elementor-element-8733b99 e-con-full e-flex wpr-particle-no wpr-jarallax-no wpr-parallax-no wpr-sticky-section-no e-con e-child\" data-id=\"8733b99\" data-element_type=\"container\">\n\t\t\t\t<div class=\"elementor-element elementor-element-9b0a006 elementor-widget elementor-widget-text-editor\" data-id=\"9b0a006\" data-element_type=\"widget\" data-widget_type=\"text-editor.default\">\n\t\t\t\t\t\t\t\t\t<p>Categorias:<\/p>\t\t\t\t\t\t\t\t<\/div>\n\t\t\t\t<div class=\"elementor-element elementor-element-7aedffb wpr-taxonomy-list-horizontal elementor-widget elementor-widget-wpr-taxonomy-list\" data-id=\"7aedffb\" data-element_type=\"widget\" data-widget_type=\"wpr-taxonomy-list.default\">\n\t\t\t\t\t<ul class=\"wpr-taxonomy-list\" data-show-on-click=\"\"><li class=\"wpr-taxonomy\"data-term-id=\"10\"><a target=\"_blank\" href=\"https:\/\/blogecoar.institutoserbrasil.com.br\/index.php\/category\/ecoar-futuros\/\"><span class=\"wpr-tax-wrap\"> <span><\/span><span>Ecoar Futuros<\/span><\/span><span><span class=\"wpr-term-count\">&nbsp;(2)<\/span><\/span><\/a><\/li><li class=\"wpr-taxonomy\"data-term-id=\"11\"><a target=\"_blank\" href=\"https:\/\/blogecoar.institutoserbrasil.com.br\/index.php\/category\/ecoar-vento\/\"><span class=\"wpr-tax-wrap\"> <span><\/span><span>Ecoar Vento<\/span><\/span><span><span class=\"wpr-term-count\">&nbsp;(2)<\/span><\/span><\/a><\/li><\/ul>\t\t\t\t<\/div>\n\t\t\t\t<\/div>\n\t\t\t\t<div class=\"elementor-element elementor-element-b2bc21f wpr-grid-columns-3 wpr-grid-columns--tablet2 wpr-grid-columns--mobile1 wpr-grid-pagination-center wpr-item-styles-inner elementor-widget elementor-widget-wpr-grid\" data-id=\"b2bc21f\" data-element_type=\"widget\" data-widget_type=\"wpr-grid.default\">\n\t\t\t\t\t<ul class=\"wpr-grid-filters elementor-clearfix wpr-grid-filters-sep-right\"><li class=\" wpr-pointer-none wpr-pointer-line-fx wpr-pointer-fx-none\"><span  data-filter=\"*\" class=\"wpr-grid-filters-item wpr-active-filter \">All Posts<\/span><em class=\"wpr-grid-filters-sep\"><\/em><\/li><li class=\" wpr-pointer-none wpr-pointer-line-fx wpr-pointer-fx-none\"><span   data-ajax-filter=[\"category\",\"ecoar-futuros\"]  data-filter=\".category-ecoar-futuros\">Ecoar Futuros<\/span><em class=\"wpr-grid-filters-sep\"><\/em><\/li><li class=\" wpr-pointer-none wpr-pointer-line-fx wpr-pointer-fx-none\"><span   data-ajax-filter=[\"category\",\"ecoar-saude\"]  data-filter=\".category-ecoar-saude\">Ecoar Sa\u00fade<\/span><em class=\"wpr-grid-filters-sep\"><\/em><\/li><li class=\" wpr-pointer-none wpr-pointer-line-fx wpr-pointer-fx-none\"><span   data-ajax-filter=[\"category\",\"ecoar-vento\"]  data-filter=\".category-ecoar-vento\">Ecoar Vento<\/span><em class=\"wpr-grid-filters-sep\"><\/em><\/li><li class=\" wpr-pointer-none wpr-pointer-line-fx wpr-pointer-fx-none\"><span   data-ajax-filter=[\"category\",\"sem-categoria\"]  data-filter=\".category-sem-categoria\">Sem categoria<\/span><em class=\"wpr-grid-filters-sep\"><\/em><\/li><\/ul><section class=\"wpr-grid elementor-clearfix\" data-settings=\"{&quot;layout&quot;:&quot;fitRows&quot;,&quot;stick_last_element_to_bottom&quot;:&quot;&quot;,&quot;columns_desktop&quot;:3,&quot;gutter_hr&quot;:30,&quot;gutter_hr_mobile&quot;:30,&quot;gutter_hr_mobile_extra&quot;:30,&quot;gutter_hr_tablet&quot;:30,&quot;gutter_hr_tablet_extra&quot;:30,&quot;gutter_hr_laptop&quot;:30,&quot;gutter_hr_widescreen&quot;:30,&quot;gutter_vr&quot;:30,&quot;gutter_vr_mobile&quot;:30,&quot;gutter_vr_mobile_extra&quot;:30,&quot;gutter_vr_tablet&quot;:30,&quot;gutter_vr_tablet_extra&quot;:30,&quot;gutter_vr_laptop&quot;:30,&quot;gutter_vr_widescreen&quot;:30,&quot;animation&quot;:&quot;default&quot;,&quot;animation_duration&quot;:0.3,&quot;animation_delay&quot;:0.1,&quot;deeplinking&quot;:&quot;&quot;,&quot;filters_linkable&quot;:&quot;no&quot;,&quot;filters_default_filter&quot;:&quot;&quot;,&quot;filters_count&quot;:&quot;&quot;,&quot;filters_hide_empty&quot;:&quot;no&quot;,&quot;filters_animation&quot;:&quot;default&quot;,&quot;filters_animation_duration&quot;:0.3,&quot;filters_animation_delay&quot;:0.1,&quot;pagination_type&quot;:&quot;load-more&quot;,&quot;pagination_max_pages&quot;:1,&quot;lightbox&quot;:{&quot;selector&quot;:&quot;.wpr-grid-image-wrap&quot;,&quot;iframeMaxWidth&quot;:&quot;60%&quot;,&quot;hash&quot;:false,&quot;autoplay&quot;:&quot;true&quot;,&quot;pause&quot;:5000,&quot;progressBar&quot;:&quot;true&quot;,&quot;counter&quot;:&quot;true&quot;,&quot;controls&quot;:&quot;true&quot;,&quot;getCaptionFromTitleOrAlt&quot;:&quot;true&quot;,&quot;thumbnail&quot;:&quot;&quot;,&quot;showThumbByDefault&quot;:&quot;&quot;,&quot;share&quot;:&quot;&quot;,&quot;zoom&quot;:&quot;true&quot;,&quot;fullScreen&quot;:&quot;true&quot;,&quot;download&quot;:&quot;true&quot;}}\" data-advanced-filters=\"no\"><article class=\"wpr-grid-item elementor-clearfix post-457 post type-post status-publish format-standard has-post-thumbnail hentry category-ecoar-futuros tag-cultura-organizacional tag-lideranca-humanizada tag-proposito\"><div class=\"wpr-grid-item-inner\"><div class=\"wpr-grid-media-wrap wpr-effect-size-medium \" data-overlay-link=\"yes\"><div class=\"wpr-grid-image-wrap\" data-src=\"https:\/\/blogecoar.institutoserbrasil.com.br\/wp-content\/uploads\/2026\/01\/Design-sem-nome-1.jpg\" data-img-on-hover=\"\"  data-src-secondary=\"\"><img decoding=\"async\" data-no-lazy=\"1\" src=\"https:\/\/blogecoar.institutoserbrasil.com.br\/wp-content\/uploads\/2026\/01\/Design-sem-nome-1.jpg\" alt=\"Lado B &#8211; Humano no Centro &#8211; Primavera de RH\" class=\"wpr-anim-timing-ease-default\"><\/div><div class=\"wpr-grid-media-hover wpr-animation-wrap\"><div class=\"wpr-grid-media-hover-bg  wpr-overlay-fade-in wpr-anim-size-large wpr-anim-timing-ease-default wpr-anim-transparency\" data-url=\"https:\/\/blogecoar.institutoserbrasil.com.br\/index.php\/2026\/01\/05\/lado-b-humano-no-centro-primavera-de-rh\/\"><\/div><\/div><\/div><div class=\"wpr-grid-item-below-content elementor-clearfix\"><h2 class=\"wpr-grid-item-title elementor-repeater-item-453da5a wpr-grid-item-display-custom wpr-grid-item-align-left wpr-pointer-none wpr-pointer-line-fx wpr-pointer-fx-fade\"><div class=\"inner-block\"><a target=\"_self\"  href=\"https:\/\/blogecoar.institutoserbrasil.com.br\/index.php\/2026\/01\/05\/lado-b-humano-no-centro-primavera-de-rh\/\">Lado B &#8211; Humano no Centro &#8211; Primavera de RH<\/a><\/div><\/h2><div class=\"wpr-grid-item-excerpt elementor-repeater-item-e0430a7 wpr-grid-item-display-block wpr-grid-item-align-left\"><div class=\"inner-block\"><p>Marco Dalpozzo, Idealizador do Grupo e*.<\/p><\/div><\/div><div class=\"wpr-grid-item-read-more elementor-repeater-item-19ae091 wpr-grid-item-display-block wpr-grid-item-align-left\"><div class=\"inner-block\"><a target=\"_self\" href=\"https:\/\/blogecoar.institutoserbrasil.com.br\/index.php\/2026\/01\/05\/lado-b-humano-no-centro-primavera-de-rh\/\" class=\"wpr-button-effect wpr-button-none\"><span>Ler mais<\/span><\/a><\/div><\/div><\/div><\/div><\/article><article class=\"wpr-grid-item elementor-clearfix post-171 post type-post status-publish format-standard has-post-thumbnail hentry category-ecoar-vento tag-ecoturismo tag-mudancas-climaticas tag-pesca-sustentavel tag-sustentabilidade\"><div class=\"wpr-grid-item-inner\"><div class=\"wpr-grid-media-wrap wpr-effect-size-medium \" data-overlay-link=\"yes\"><div class=\"wpr-grid-image-wrap\" data-src=\"https:\/\/blogecoar.institutoserbrasil.com.br\/wp-content\/uploads\/2025\/12\/rancho-do-peixe-3x2-183-1-2.jpg\" data-img-on-hover=\"\"  data-src-secondary=\"\"><img decoding=\"async\" data-no-lazy=\"1\" src=\"https:\/\/blogecoar.institutoserbrasil.com.br\/wp-content\/uploads\/2025\/12\/rancho-do-peixe-3x2-183-1-2.jpg\" alt=\"Quanto vale o oceano?\" class=\"wpr-anim-timing-ease-default\"><\/div><div class=\"wpr-grid-media-hover wpr-animation-wrap\"><div class=\"wpr-grid-media-hover-bg  wpr-overlay-fade-in wpr-anim-size-large wpr-anim-timing-ease-default wpr-anim-transparency\" data-url=\"https:\/\/blogecoar.institutoserbrasil.com.br\/index.php\/2025\/12\/23\/quanto-vale-o-oceano\/\"><\/div><\/div><\/div><div class=\"wpr-grid-item-below-content elementor-clearfix\"><h2 class=\"wpr-grid-item-title elementor-repeater-item-453da5a wpr-grid-item-display-custom wpr-grid-item-align-left wpr-pointer-none wpr-pointer-line-fx wpr-pointer-fx-fade\"><div class=\"inner-block\"><a target=\"_self\"  href=\"https:\/\/blogecoar.institutoserbrasil.com.br\/index.php\/2025\/12\/23\/quanto-vale-o-oceano\/\">Quanto vale o oceano?<\/a><\/div><\/h2><div class=\"wpr-grid-item-excerpt elementor-repeater-item-e0430a7 wpr-grid-item-display-block wpr-grid-item-align-left\"><div class=\"inner-block\"><p>Carlos Eduardo Frickmann Young, Professor Titular da Universidade Federal do Rio de Janeiro.<\/p><\/div><\/div><div class=\"wpr-grid-item-read-more elementor-repeater-item-19ae091 wpr-grid-item-display-block wpr-grid-item-align-left\"><div class=\"inner-block\"><a target=\"_self\" href=\"https:\/\/blogecoar.institutoserbrasil.com.br\/index.php\/2025\/12\/23\/quanto-vale-o-oceano\/\" class=\"wpr-button-effect wpr-button-none\"><span>Ler mais<\/span><\/a><\/div><\/div><\/div><\/div><\/article><article class=\"wpr-grid-item elementor-clearfix post-454 post type-post status-publish format-standard has-post-thumbnail hentry category-ecoar-futuros tag-inovacao tag-lideranca tag-organizacoes-ambidestras tag-recursos-humanos-estrategico\"><div class=\"wpr-grid-item-inner\"><div class=\"wpr-grid-media-wrap wpr-effect-size-medium \" data-overlay-link=\"yes\"><div class=\"wpr-grid-image-wrap\" data-src=\"https:\/\/blogecoar.institutoserbrasil.com.br\/wp-content\/uploads\/2026\/01\/Design-sem-nome.jpg\" data-img-on-hover=\"\"  data-src-secondary=\"\"><img decoding=\"async\" data-no-lazy=\"1\" src=\"https:\/\/blogecoar.institutoserbrasil.com.br\/wp-content\/uploads\/2026\/01\/Design-sem-nome.jpg\" alt=\"O tempo de transi\u00e7\u00e3o antropoc\u00eanico\" class=\"wpr-anim-timing-ease-default\"><\/div><div class=\"wpr-grid-media-hover wpr-animation-wrap\"><div class=\"wpr-grid-media-hover-bg  wpr-overlay-fade-in wpr-anim-size-large wpr-anim-timing-ease-default wpr-anim-transparency\" data-url=\"https:\/\/blogecoar.institutoserbrasil.com.br\/index.php\/2025\/12\/20\/o-tempo-de-transicao-antropocenico\/\"><\/div><\/div><\/div><div class=\"wpr-grid-item-below-content elementor-clearfix\"><h2 class=\"wpr-grid-item-title elementor-repeater-item-453da5a wpr-grid-item-display-custom wpr-grid-item-align-left wpr-pointer-none wpr-pointer-line-fx wpr-pointer-fx-fade\"><div class=\"inner-block\"><a target=\"_self\"  href=\"https:\/\/blogecoar.institutoserbrasil.com.br\/index.php\/2025\/12\/20\/o-tempo-de-transicao-antropocenico\/\">O tempo de transi\u00e7\u00e3o antropoc\u00eanico<\/a><\/div><\/h2><div class=\"wpr-grid-item-excerpt elementor-repeater-item-e0430a7 wpr-grid-item-display-block wpr-grid-item-align-left\"><div class=\"inner-block\"><p>Marco Dalpozzo, Idealizador do Grupo e*.<\/p><\/div><\/div><div class=\"wpr-grid-item-read-more elementor-repeater-item-19ae091 wpr-grid-item-display-block wpr-grid-item-align-left\"><div class=\"inner-block\"><a target=\"_self\" href=\"https:\/\/blogecoar.institutoserbrasil.com.br\/index.php\/2025\/12\/20\/o-tempo-de-transicao-antropocenico\/\" class=\"wpr-button-effect wpr-button-none\"><span>Ler mais<\/span><\/a><\/div><\/div><\/div><\/div><\/article><article class=\"wpr-grid-item elementor-clearfix post-172 post type-post status-publish format-standard has-post-thumbnail hentry category-ecoar-vento tag-inovacao-social tag-sustentabilidade tag-tecnologia-e-meio-ambiente tag-tecnologia-e-sociedade\"><div class=\"wpr-grid-item-inner\"><div class=\"wpr-grid-media-wrap wpr-effect-size-medium \" data-overlay-link=\"yes\"><div class=\"wpr-grid-image-wrap\" data-src=\"https:\/\/blogecoar.institutoserbrasil.com.br\/wp-content\/uploads\/2025\/12\/Rancho-do-peixe-ecoar-futuros-2026.jpg\" data-img-on-hover=\"\"  data-src-secondary=\"\"><img decoding=\"async\" data-no-lazy=\"1\" src=\"https:\/\/blogecoar.institutoserbrasil.com.br\/wp-content\/uploads\/2025\/12\/Rancho-do-peixe-ecoar-futuros-2026.jpg\" alt=\"Sonhos de telepatia e \u00f3cio\" class=\"wpr-anim-timing-ease-default\"><\/div><div class=\"wpr-grid-media-hover wpr-animation-wrap\"><div class=\"wpr-grid-media-hover-bg  wpr-overlay-fade-in wpr-anim-size-large wpr-anim-timing-ease-default wpr-anim-transparency\" data-url=\"https:\/\/blogecoar.institutoserbrasil.com.br\/index.php\/2025\/12\/16\/sonhos-de-telepatia-e-ocio\/\"><\/div><\/div><\/div><div class=\"wpr-grid-item-below-content elementor-clearfix\"><h2 class=\"wpr-grid-item-title elementor-repeater-item-453da5a wpr-grid-item-display-custom wpr-grid-item-align-left wpr-pointer-none wpr-pointer-line-fx wpr-pointer-fx-fade\"><div class=\"inner-block\"><a target=\"_self\"  href=\"https:\/\/blogecoar.institutoserbrasil.com.br\/index.php\/2025\/12\/16\/sonhos-de-telepatia-e-ocio\/\">Sonhos de telepatia e \u00f3cio<\/a><\/div><\/h2><div class=\"wpr-grid-item-excerpt elementor-repeater-item-e0430a7 wpr-grid-item-display-block wpr-grid-item-align-left\"><div class=\"inner-block\"><p>Fabio Rubio Scarano, Titular da C\u00e1tedra Unesco de Alfabetiza\u00e7\u00e3o em Futuros do Museu do Amanh\u00e3 e Professor Titular de Ecologia...<\/p><\/div><\/div><div class=\"wpr-grid-item-read-more elementor-repeater-item-19ae091 wpr-grid-item-display-block wpr-grid-item-align-left\"><div class=\"inner-block\"><a target=\"_self\" href=\"https:\/\/blogecoar.institutoserbrasil.com.br\/index.php\/2025\/12\/16\/sonhos-de-telepatia-e-ocio\/\" class=\"wpr-button-effect wpr-button-none\"><span>Ler mais<\/span><\/a><\/div><\/div><\/div><\/div><\/article><\/section>\t\t\t\t<\/div>\n\t\t\t\t\t<\/div>\n\t\t\t\t<\/div>\n\t\t<div class=\"elementor-element elementor-element-eb221f6 e-con-full e-flex wpr-particle-no wpr-jarallax-no wpr-parallax-no wpr-sticky-section-no e-con e-parent\" data-id=\"eb221f6\" data-element_type=\"container\" data-settings=\"{&quot;background_background&quot;:&quot;classic&quot;}\">\n\t\t<div class=\"elementor-element elementor-element-7b5187e e-flex e-con-boxed wpr-particle-no wpr-jarallax-no wpr-parallax-no wpr-sticky-section-no e-con e-child\" data-id=\"7b5187e\" data-element_type=\"container\">\n\t\t\t\t\t<div class=\"e-con-inner\">\n\t\t\t\t<div class=\"elementor-element elementor-element-e3bccee elementor-widget elementor-widget-heading\" data-id=\"e3bccee\" data-element_type=\"widget\" data-widget_type=\"heading.default\">\n\t\t\t\t\t<h2 class=\"elementor-heading-title elementor-size-default\">Receba em seu e-mail os melhores conte\u00fados do blog Ecoar.<\/h2>\t\t\t\t<\/div>\n\t\t\t\t<div class=\"elementor-element elementor-element-64f0e9f elementor-widget elementor-widget-text-editor\" data-id=\"64f0e9f\" data-element_type=\"widget\" data-widget_type=\"text-editor.default\">\n\t\t\t\t\t\t\t\t\t<p>Assine nossa newsletter e fique por dentro das novidades do blog Ecoar.<\/p>\t\t\t\t\t\t\t\t<\/div>\n\t\t\t\t<div class=\"elementor-element elementor-element-4a349bf elementor-widget__width-inherit elementor-widget elementor-widget-shortcode\" data-id=\"4a349bf\" data-element_type=\"widget\" data-widget_type=\"shortcode.default\">\n\t\t\t\t\t\t\t<div class=\"elementor-shortcode\"><div class='fluentform ff-default fluentform_wrapper_2 ffs_default_wrap'><form data-form_id=\"2\" id=\"fluentform_2\" class=\"frm-fluent-form fluent_form_2 ff-el-form-top ff_form_instance_2_1 ff-form-loading ffs_default\" data-form_instance=\"ff_form_instance_2_1\" method=\"POST\" ><fieldset  style=\"border: none!important;margin: 0!important;padding: 0!important;background-color: transparent!important;box-shadow: none!important;outline: none!important; min-inline-size: 100%;\">\n                    <legend class=\"ff_screen_reader_title\" style=\"display: block; margin: 0!important;padding: 0!important;height: 0!important;text-indent: -999999px;width: 0!important;overflow:hidden;\">Subscription Form<\/legend><input type='hidden' name='__fluent_form_embded_post_id' value='172' \/><input type=\"hidden\" id=\"_fluentform_2_fluentformnonce\" name=\"_fluentform_2_fluentformnonce\" value=\"f2a188595d\" \/><input type=\"hidden\" name=\"_wp_http_referer\" value=\"\/index.php\/wp-json\/wp\/v2\/pages\/17\" \/><div data-name=\"ff_cn_id_1\"  class='ff-t-container ff-column-container ff_columns_total_3 '><div class='ff-t-cell ff-t-column-1' style='flex-basis: 33.33%;'><div class='ff-el-group ff-el-form-hide_label'><div class=\"ff-el-input--label asterisk-right\"><label for='ff_2_input_text' id='label_ff_2_input_text' aria-label=\"Entrada de texto\">Entrada de texto<\/label><\/div><div class='ff-el-input--content'><input type=\"text\" name=\"input_text\" class=\"ff-el-form-control\" placeholder=\"Nome*\" data-name=\"input_text\" id=\"ff_2_input_text\"  aria-invalid=\"false\" aria-required=false><\/div><\/div><\/div><div class='ff-t-cell ff-t-column-2' style='flex-basis: 33.33%;'><div class='ff-el-group ff-el-form-hide_label'><div class=\"ff-el-input--label ff-el-is-required asterisk-right\"><label for='ff_2_email' id='label_ff_2_email' aria-label=\"Email\">Email<\/label><\/div><div class='ff-el-input--content'><input type=\"email\" name=\"email\" id=\"ff_2_email\" class=\"ff-el-form-control\" placeholder=\"E-mail*\" data-name=\"email\"  aria-invalid=\"false\" aria-required=true><\/div><\/div><\/div><div class='ff-t-cell ff-t-column-3' style='flex-basis: 33.33%;'><div class='ff-el-group ff-text-left ff_submit_btn_wrapper ff_submit_btn_wrapper_custom'><button class=\"ff-btn ff-btn-submit ff-btn-md ff_btn_style wpf_has_custom_css\" type=\"submit\" name=\"custom_submit_button-2_1\" data-name=\"custom_submit_button-2_1\"  aria-label=\"Assinar Newsletter\">Assinar Newsletter<\/button><style>form.fluent_form_2 .wpf_has_custom_css.ff-btn-submit { background-color:rgba(0, 102, 102, 1);border-color:#1a7efb;color:#ffffff;min-width:100%; }form.fluent_form_2 .wpf_has_custom_css.ff-btn-submit:hover { background-color:#ffffff;border-color:#1a7efb;color:#1a7efb;min-width:100%; } <\/style><\/div><\/div><\/div><\/fieldset><\/form><div id='fluentform_2_errors' class='ff-errors-in-stack ff_form_instance_2_1 ff-form-loading_errors ff_form_instance_2_1_errors'><\/div><\/div>            <script type=\"text\/javascript\">\n                window.fluent_form_ff_form_instance_2_1 = {\"id\":\"2\",\"settings\":{\"layout\":{\"labelPlacement\":\"top\",\"helpMessagePlacement\":\"with_label\",\"errorMessagePlacement\":\"inline\",\"asteriskPlacement\":\"asterisk-right\"},\"restrictions\":{\"denyEmptySubmission\":{\"enabled\":false}}},\"form_instance\":\"ff_form_instance_2_1\",\"form_id_selector\":\"fluentform_2\",\"rules\":{\"input_text\":{\"required\":{\"value\":false,\"message\":\"Este campo \\u00e9 obrigat\\u00f3rio\",\"global_message\":\"Este campo \\u00e9 obrigat\\u00f3rio\",\"global\":true}},\"email\":{\"required\":{\"value\":true,\"message\":\"E-mail \\u00e9 obrigat\\u00f3rio\",\"global\":false,\"global_message\":\"Este campo \\u00e9 obrigat\\u00f3rio\"},\"email\":{\"value\":true,\"message\":\"Este campo deve conter um e-mail v\\u00e1lido.\",\"global\":false,\"global_message\":\"Este campo deve conter um e-mail v\\u00e1lido\"}}},\"debounce_time\":300};\n                            <\/script>\n            <\/div>\n\t\t\t\t\t\t<\/div>\n\t\t\t\t\t<\/div>\n\t\t\t\t<\/div>\n\t\t\t\t<\/div>\n\t\t\t\t<\/div>\n\t\t","protected":false},"excerpt":{"rendered":"<p>Blog More than 2 results are available in the PRO version (This notice is only visible to admin users) Categorias: Ecoar Futuros&nbsp;(2) Ecoar Vento&nbsp;(2) All Posts Ecoar Futuros Ecoar Sa\u00fade Ecoar Vento Sem categoria Lado B &#8211; Humano no Centro &#8211; Primavera de RH Marco Dalpozzo, Idealizador do Grupo e*. Ler mais Quanto vale o oceano? Carlos Eduardo Frickmann Young, Professor Titular da Universidade Federal do Rio de Janeiro. Ler mais O tempo de transi\u00e7\u00e3o antropoc\u00eanico Marco Dalpozzo, Idealizador do Grupo e*. Ler mais Sonhos de telepatia e \u00f3cio Fabio Rubio Scarano, Titular da C\u00e1tedra Unesco de Alfabetiza\u00e7\u00e3o em Futuros do Museu do Amanh\u00e3 e Professor Titular de Ecologia&#8230; Ler mais Receba em seu e-mail os melhores conte\u00fados do blog Ecoar. Assine nossa newsletter e fique por dentro das novidades do blog Ecoar.<\/p>\n","protected":false},"author":1,"featured_media":0,"parent":0,"menu_order":0,"comment_status":"closed","ping_status":"closed","template":"elementor_header_footer","meta":{"footnotes":""},"class_list":["post-17","page","type-page","status-publish","hentry"],"_links":{"self":[{"href":"https:\/\/blogecoar.institutoserbrasil.com.br\/index.php\/wp-json\/wp\/v2\/pages\/17","targetHints":{"allow":["GET"]}}],"collection":[{"href":"https:\/\/blogecoar.institutoserbrasil.com.br\/index.php\/wp-json\/wp\/v2\/pages"}],"about":[{"href":"https:\/\/blogecoar.institutoserbrasil.com.br\/index.php\/wp-json\/wp\/v2\/types\/page"}],"author":[{"embeddable":true,"href":"https:\/\/blogecoar.institutoserbrasil.com.br\/index.php\/wp-json\/wp\/v2\/users\/1"}],"replies":[{"embeddable":true,"href":"https:\/\/blogecoar.institutoserbrasil.com.br\/index.php\/wp-json\/wp\/v2\/comments?post=17"}],"version-history":[{"count":178,"href":"https:\/\/blogecoar.institutoserbrasil.com.br\/index.php\/wp-json\/wp\/v2\/pages\/17\/revisions"}],"predecessor-version":[{"id":484,"href":"https:\/\/blogecoar.institutoserbrasil.com.br\/index.php\/wp-json\/wp\/v2\/pages\/17\/revisions\/484"}],"wp:attachment":[{"href":"https:\/\/blogecoar.institutoserbrasil.com.br\/index.php\/wp-json\/wp\/v2\/media?parent=17"}],"curies":[{"name":"wp","href":"https:\/\/api.w.org\/{rel}","templated":true}]}}